{"id":1228,"date":"2022-01-27T20:39:36","date_gmt":"2022-01-27T19:39:36","guid":{"rendered":"https:\/\/add.al\/?page_id=1228"},"modified":"2022-02-05T09:27:34","modified_gmt":"2022-02-05T08:27:34","slug":"werner-mertz-albania","status":"publish","type":"page","link":"https:\/\/add.al\/sq\/werner-mertz-albania\/","title":{"rendered":"Werner-Mertz-Albania"},"content":{"rendered":"<div class=\"wpb-content-wrapper\"><div      class=\"vc_row wpb_row section vc_row-fluid\" style=' text-align:left;'><div class=\"full_section_inner clearfix\"><div class=\"wpb_column vc_column_container vc_col-sm-12\"><div class=\"vc_column-inner\"><div class=\"wpb_wrapper\">\n\t<div class=\"wpb_raw_code wpb_content_element wpb_raw_html\" >\n\t\t<div class=\"wpb_wrapper\">\n\t\t\t<html lang=\"en\">\n<head>\n<meta charset=\"utf-8\">\n<meta http-equiv=\"X-UA-Compatible\" content=\"IE=edge\">\n<meta name=\"viewport\" content=\"width=device-width, initial-scale=1\">\n<title>Werner & Mertz Group Company - Albania<\/title>\n<link rel=\"Shortcut Icon\" href=\"https:\/\/add.al\/Frosch\/images\/favicon.ico\" \/>\n<!-- Bootstrap -->\n<link href=\"https:\/\/add.al\/Frosch\/css\/bootstrap-4.4.1.css\" rel=\"stylesheet\">\n<link href=\"https:\/\/add.al\/Frosch\/css\/styles.css\" rel=\"stylesheet\">\n    <link rel=\"preconnect\" href=\"https:\/\/fonts.gstatic.com\">\n<link href=\"https:\/\/fonts.googleapis.com\/css2?family=Caveat:wght@700&display=swap\" rel=\"stylesheet\">\n<\/head>\n<body class=\"indexB\">\n<div class=\"container mt-3\"><!-- <a href=\"index.html\"> <img decoding=\"async\" src=\"https:\/\/add.al\/Frosch\/images\/werner-mertz-fortuna-logo.png\" height=\"125\" class=\"mx-auto d-block\" alt=\"werner-mertz fortuna\"><\/a> -->\n  <div class=\"row\">\n    <div class=\"col-12\"> <a href=\"https:\/\/werner-mertz.de\/\" target=\"_blank\"><img decoding=\"async\" class=\"img-fluid rounded\" src=\"https:\/\/add.al\/Frosch\/images\/werner-mertz-fortuna.jpg\"> <\/a><\/div>\n  <\/div>\n<\/div>\n<div class=\"container-sm section\">\n  <div class=\"row\">\n    <div class=\"col-6 col-lg-3\" style=\"margin-bottom: 25px;\">\n      <div class=\"text-center\"><a href=\"https:\/\/add.al\/Frosch\/frosch-albania.html\" title=\"Marka Frosch \u00bb\"><img decoding=\"async\" class=\"mx-auto d-block\" height=\"125\" alt=\"frosch\" src=\"https:\/\/add.al\/Frosch\/images\/frosch-logo-small.png\"><\/a> <\/div>\n    <\/div>\n    <div class=\"col-6 col-lg-3\">\n      <div class=\"text-center\"> <a href=\"http:\/\/www.emsal.bg\/bulgarian\/nachalna-stranica.html\" target=\"_blank\"><img decoding=\"async\" class=\"mx-auto d-block\" height=\"125\" alt=\"emsal\" src=\"https:\/\/add.al\/Frosch\/images\/emsal-logo-small.png\"><\/a> <\/div>\n    <\/div>\n    <div class=\"col-6 col-lg-3\">\n      <div class=\"text-center\"> <a href=\"https:\/\/www.erdal.de\/en\/\" target=\"_blank\"><img decoding=\"async\" class=\"mx-auto d-block\" height=\"125\" alt=\"erdall\" src=\"https:\/\/add.al\/Frosch\/images\/erdal-logo-small.png\"><\/a> <\/div>\n    <\/div>\n    <div class=\"col-6 col-lg-3\">\n      <div class=\"text-center\"><a href=\"https:\/\/www.rorax.de\/\" target=\"_blank\"><img decoding=\"async\" class=\"mx-auto d-block\" height=\"125\" alt=\"rorax\" src=\"https:\/\/add.al\/Frosch\/images\/rorax-logo-small.png\"><\/a><\/div>\n    <\/div>\n  <\/div>\n<\/div>\n<div class=\"container\">\n  <h2 class=\"text-center display-5 Hred\">Werner & Mertz Group Company<\/h2>\n  <div class=\"row\">\n    <p class=\"col-12 col-lg-6\">Me marka t\u00eb tilla t\u00eb besuara si <a href:\"https:>Erdal<\/a>, <a href:\"https:>Frosch\u00ae<\/a> dhe <a href:\"https:>tana\u00ae Professional<\/a>, Werner &amp; Mertz \u00ebsht\u00eb e pozicionuar mir\u00eb n\u00eb tregun evropian si nj\u00eb kompani novatore. P\u00ebr mbi 150 vjet ne jemi ndjer\u00eb shum\u00eb t\u00eb angazhuar ndaj vendndodhjes ton\u00eb n\u00eb Mainz. Kemi qen\u00eb gjithmon\u00eb nj\u00ebsoj t\u00eb angazhuar ndaj parimit t\u00eb nj\u00eb qasjeje biznesi t\u00eb q\u00ebndruesh\u00ebm dhe q\u00eb respekton mjedisin, sepse q\u00ebndrueshm\u00ebria nuk \u00ebsht\u00eb nj\u00eb mod\u00eb p\u00ebr ne, por nj\u00eb tradit\u00eb kompanie q\u00eb e praktikojm\u00eb \u00e7do dit\u00eb. Besnik\u00ebria ndaj vendndodhjes son\u00eb dhe fryma novatore formojn\u00eb baz\u00ebn e shk\u00eblqyer t\u00eb Werner &amp; Mertz p\u00ebr shtys\u00ebn e fresk\u00ebt q\u00eb ne sjellim n\u00eb m\u00ebnyr\u00eb t\u00eb p\u00ebrs\u00ebritur me produktet dhe nismat tona.\nNe jemi krenar\u00eb p\u00ebr besnik\u00ebrin\u00eb e jasht\u00ebzakonshme t\u00eb punonj\u00ebsve tan\u00eb, koh\u00ebzgjatja mesatare e sh\u00ebrbimit t\u00eb t\u00eb cil\u00ebve n\u00eb kompani \u00ebsht\u00eb 16 vjet. Identifikimi i tyre me angazhimin e kompanis\u00eb, filozofin\u00eb ton\u00eb dhe produktet tona \u00ebsht\u00eb nj\u00eb forc\u00eb e besueshme e Werner &amp; Mertz.\n\n<\/p>\n    <p class=\"col-12 col-lg-6\">  N\u00eb Hallein pran\u00eb Salsburgut, <a href:\"https:>Erdal GmbH<\/a> u themelua n\u00eb 1953 si nj\u00eb vend i dyt\u00eb prodhimi. Me kalimin e viteve, dega n\u00eb Austri e Werner &amp; Mertz u rrit n\u00eb rreth 160 punonj\u00ebs dhe gjithnj\u00eb e m\u00eb shum\u00eb mori p\u00ebrgjegj\u00ebsin\u00eb e shitjes p\u00ebr 15 shtete n\u00eb Evrop\u00ebn Qendrore dhe Juglindore.\nQ\u00eb nga viti 2011 produktet Werner &amp; Mertz p\u00ebr konsumator\u00ebt dhe p\u00ebrdoruesit profesionist\u00eb nuk disponohen vet\u00ebm n\u00eb Evrop\u00eb, por kan\u00eb rritur shum\u00eb pozicionin e tyre edhe n\u00eb tregun e Japonis\u00eb. \nMarkat e forta, punonj\u00ebsit tejet t\u00eb kualifikuar dhe t\u00eb motivuar, dhe orientimi i q\u00ebndruesh\u00ebm e i vazhduesh\u00ebm i t\u00eb gjith\u00eb kompanis\u00eb - t\u00eb gjitha k\u00ebto sigurojn\u00eb t\u00eb ardhmen e Werner &amp; Mertz n\u00eb rrug\u00ebn p\u00ebr t'u b\u00ebr\u00eb lider n\u00eb tregun evropian dhe udh\u00ebheq\u00ebs i novacionit p\u00ebr kujdes t\u00eb ve\u00e7ant\u00eb.\n <\/p>\n  <\/div>\n<\/div>\n<div class=\"container mt-3\">\n  <div class=\"row\">\n    <div class=\"col-12 teaserInitiativeFrosch rounded\">\n      <dl class=\"row\">\n        <dt class=\"col-sm-12 col-lg-7\"><\/dt>\n        <dd class=\"col-sm-12 col-lg-5\"> <a href=\"https:\/\/initiative-frosch.com\/\" target=\"_blank\"><img decoding=\"async\" class=\"img-fluid mx-auto d-block\" alt=\"\" src=\"https:\/\/add.al\/Frosch\/images\/logo_initiative_frosch.png\" height=\"135\"><\/a>\n            <br><br>\n            <h4>Mir\u00eb se vini n\u00eb Iniciativ\u00ebn e Riciklimit t\u00eb Frosch - Q\u00ebndrueshm\u00ebria n\u00eb Frosch (e re)<\/h4>\n\t\t\t\t<p class=\"mobWhite\">Mbrojtja e mjedisit nuk ndalet vet\u00ebm te formulat. Produktet miq\u00ebsore p\u00ebr mjedisin gjithashtu kan\u00eb nevoj\u00eb p\u00ebr paketim miq\u00ebsor ndaj mjedisit. Por Frosch shkon nj\u00eb hap m\u00eb tej. \n\t\t\t\t<\/p>\n            <img decoding=\"async\" class=\"img-fluid mx-auto d-block\" alt=\"\" src=\"Frosch\/images\/frosch_saubere-meere_NEU.png\">\n        <\/dd>\n      <\/dl>\n    <\/div>\n  <\/div>\n     <div class=\"row\" style=\"margin: 50px 0px 25px 0px;\">\n    <p class=\"col-12 col-lg-6\">S\u00eb bashku me nj\u00eb rrjet partner\u00ebsh, duke p\u00ebrfshir\u00eb Naturschutzbund Deutschland (Unioni i Ruajtjes s\u00eb Natyr\u00ebs dhe Biodiversitetit n\u00eb Gjermani, NABU), Frosch ka shfryt\u00ebzuar nj\u00eb lloj t\u00eb ri teknologjie t\u00eb ndarjes q\u00eb klasifikon riciklatet sipas ngjyr\u00ebs dhe ndan ndot\u00ebsit e paduksh\u00ebm, p\u00ebr shembull l\u00ebnd\u00ebt e huaja t\u00eb ngecura. Duke p\u00ebrdorur k\u00ebt\u00eb proces, nj\u00eb riciklat PET me cil\u00ebsi t\u00eb lart\u00eb merret nga materialet e riciklueshme t\u00eb mbledhura nga skema e qeses s\u00eb verdh\u00eb. Ai mund t\u00eb p\u00ebrdoret p\u00ebr prodhimin e shisheve t\u00eb reja Frosch, duke siguruar riciklim t\u00eb p\u00ebrshtatsh\u00ebm dhe miq\u00ebsor ndaj mjedisit.\nM\u00eb shum\u00eb informacione p\u00ebr Iniciativ\u00ebn e Riciklimit t\u00eb Frosch mund t\u00eb gjeni <a href=\"\/sq\/frosch-albania.html\/\">\u00bb k\u00ebtu.<\/a>\n\n<\/p>\n    <p class=\"col-12 col-lg-6\">  N\u00eb Hallein pran\u00eb Salsburgut, <a href:\"https:>Erdal GmbH<\/a> u themelua n\u00eb 1953 si nj\u00eb vend i dyt\u00eb prodhimi. Me kalimin e viteve, dega n\u00eb Austri e Werner &amp; Mertz u rrit n\u00eb rreth 160 punonj\u00ebs dhe gjithnj\u00eb e m\u00eb shum\u00eb mori p\u00ebrgjegj\u00ebsin\u00eb e shitjes p\u00ebr 15 shtete n\u00eb Evrop\u00ebn Qendrore dhe Juglindore.\nQ\u00eb nga viti 2011 produktet Werner &amp; Mertz p\u00ebr konsumator\u00ebt dhe p\u00ebrdoruesit profesionist\u00eb nuk disponohen vet\u00ebm n\u00eb Evrop\u00eb, por kan\u00eb rritur shum\u00eb pozicionin e tyre edhe n\u00eb tregun e Japonis\u00eb. \nMarkat e forta, punonj\u00ebsit tejet t\u00eb kualifikuar dhe t\u00eb motivuar, dhe orientimi i q\u00ebndruesh\u00ebm e i vazhduesh\u00ebm i t\u00eb gjith\u00eb kompanis\u00eb - t\u00eb gjitha k\u00ebto sigurojn\u00eb t\u00eb ardhmen e Werner &amp; Mertz n\u00eb rrug\u00ebn p\u00ebr t'u b\u00ebr\u00eb lider n\u00eb tregun evropian dhe udh\u00ebheq\u00ebs i novacionit p\u00ebr kujdes t\u00eb ve\u00e7ant\u00eb.\n <\/p>\n  <\/div>\n<\/div>\n<!-- jQuery (necessary for Bootstrap's JavaScript plugins) --> \n<script src=\"https:\/\/add.al\/Frosch\/js\/jquery-3.4.1.min.js\"><\/script> \n<!-- Include all compiled plugins (below), or include individual files as needed --> \n<script src=\"https:\/\/add.al\/Frosch\/js\/popper.min.js\"><\/script> \n<script src=\"https:\/\/add.al\/Frosch\/js\/bootstrap-4.4.1.js\"><\/script>\n<\/body>\n<\/html>\n\t\t<\/div>\n\t<\/div>\n<\/div><\/div><\/div><\/div><\/div>\n<\/div>","protected":false},"excerpt":{"rendered":"Werner & Mertz Group Company - Albania Werner & Mertz Group Company Whith such brands as Erdal, Frosch&#174 and tana&#174 Professional, Werner & Mertz is well established on the European market as an innovative company. For over 150 years we have felt very committed to...","protected":false},"author":1,"featured_media":0,"parent":0,"menu_order":0,"comment_status":"closed","ping_status":"closed","template":"full_width.php","meta":{"content-type":"","footnotes":""},"_links":{"self":[{"href":"https:\/\/add.al\/sq\/wp-json\/wp\/v2\/pages\/1228"}],"collection":[{"href":"https:\/\/add.al\/sq\/wp-json\/wp\/v2\/pages"}],"about":[{"href":"https:\/\/add.al\/sq\/wp-json\/wp\/v2\/types\/page"}],"author":[{"embeddable":true,"href":"https:\/\/add.al\/sq\/wp-json\/wp\/v2\/users\/1"}],"replies":[{"embeddable":true,"href":"https:\/\/add.al\/sq\/wp-json\/wp\/v2\/comments?post=1228"}],"version-history":[{"count":32,"href":"https:\/\/add.al\/sq\/wp-json\/wp\/v2\/pages\/1228\/revisions"}],"predecessor-version":[{"id":1320,"href":"https:\/\/add.al\/sq\/wp-json\/wp\/v2\/pages\/1228\/revisions\/1320"}],"wp:attachment":[{"href":"https:\/\/add.al\/sq\/wp-json\/wp\/v2\/media?parent=1228"}],"curies":[{"name":"wp","href":"https:\/\/api.w.org\/{rel}","templated":true}]}}