{"id":120,"date":"2016-02-22T14:33:01","date_gmt":"2016-02-22T14:33:01","guid":{"rendered":"http:\/\/bridge9.qodeinteractive.com\/?page_id=120"},"modified":"2022-08-23T10:42:50","modified_gmt":"2022-08-23T09:42:50","slug":"career","status":"publish","type":"page","link":"https:\/\/add.al\/sq\/career\/","title":{"rendered":"CAREER"},"content":{"rendered":"<div class=\"wpb-content-wrapper\"><div      class=\"vc_row wpb_row section vc_row-fluid\" style=' text-align:left;'><div class=\"full_section_inner clearfix\"><div class=\"wpb_column vc_column_container vc_col-sm-12\"><div class=\"vc_column-inner\"><div class=\"wpb_wrapper\">\t<div class=\"vc_empty_space\"  style=\"height: 30px\" ><span\n\t\t\tclass=\"vc_empty_space_inner\">\n\t\t\t<span class=\"empty_space_image\"  ><\/span>\n\t\t<\/span><\/div>\n\n<\/div><\/div><\/div><\/div><\/div><div      class=\"vc_row wpb_row section vc_row-fluid  grid_section\" style=' text-align:center;'><div class=\"section_inner clearfix\"><div class='section_inner_margin clearfix'><div class=\"wpb_column vc_column_container vc_col-sm-6 vc_col-lg-6 vc_col-md-6\"><div class=\"vc_column-inner\"><div class=\"wpb_wrapper\">\t<div class=\"vc_empty_space\"  style=\"height: 32px\" ><span\n\t\t\tclass=\"vc_empty_space_inner\">\n\t\t\t<span class=\"empty_space_image\"  ><\/span>\n\t\t<\/span><\/div>\n\n\n\t<div class=\"wpb_single_image wpb_content_element vc_align_left  qode_image_hover_zoom_in\">\n\t\t<div class=\"wpb_wrapper\">\n\t\t\t\n\t\t\t<a class=\"qode-prettyphoto qode-single-image-pretty-photo\" data-rel=\"prettyPhoto[rel-120-3933553816]\" href=\"https:\/\/add.al\/wp-content\/uploads\/2022\/08\/On-trade_njoftim_original-791x1024px-up-date-2022_1-min.png\" target=\"_self\"><div class=\"vc_single_image-wrapper   vc_box_border_grey\"><img fetchpriority=\"high\" decoding=\"async\" width=\"791\" height=\"1024\" src=\"https:\/\/add.al\/wp-content\/uploads\/2022\/08\/On-trade_njoftim_original-791x1024px-up-date-2022_1-min.png\" class=\"vc_single_image-img attachment-large\" alt=\"\" title=\"On-trade_njoftim_original-791x1024px up date 2022_1-min\" srcset=\"https:\/\/add.al\/wp-content\/uploads\/2022\/08\/On-trade_njoftim_original-791x1024px-up-date-2022_1-min.png 791w, https:\/\/add.al\/wp-content\/uploads\/2022\/08\/On-trade_njoftim_original-791x1024px-up-date-2022_1-min-232x300.png 232w, https:\/\/add.al\/wp-content\/uploads\/2022\/08\/On-trade_njoftim_original-791x1024px-up-date-2022_1-min-768x994.png 768w, https:\/\/add.al\/wp-content\/uploads\/2022\/08\/On-trade_njoftim_original-791x1024px-up-date-2022_1-min-9x12.png 9w, https:\/\/add.al\/wp-content\/uploads\/2022\/08\/On-trade_njoftim_original-791x1024px-up-date-2022_1-min-700x906.png 700w\" sizes=\"(max-width: 791px) 100vw, 791px\" \/><\/div><\/a>\n\t\t<\/div>\n\t<\/div>\n\t<div class=\"vc_empty_space\"  style=\"height: 50px\" ><span\n\t\t\tclass=\"vc_empty_space_inner\">\n\t\t\t<span class=\"empty_space_image\"  ><\/span>\n\t\t<\/span><\/div>\n\n<\/div><\/div><\/div><div class=\"wpb_column vc_column_container vc_col-sm-6\"><div class=\"vc_column-inner\"><div class=\"wpb_wrapper\">\t<div class=\"vc_empty_space\"  style=\"height: 32px\" ><span\n\t\t\tclass=\"vc_empty_space_inner\">\n\t\t\t<span class=\"empty_space_image\"  ><\/span>\n\t\t<\/span><\/div>\n\n\n\t<div class=\"wpb_text_column wpb_content_element\">\n\t\t<div class=\"wpb_wrapper\">\n\t\t\t<p>Ju lutemi na d\u00ebrgoni CV-n\u00eb tuaj duke plot\u00ebsuar formularin e m\u00ebposht\u00ebm ose me email tek: <a href=\"mailto:hr@add.al\">Human Resources<\/a><\/p>\n\n\t\t<\/div> \n\t<\/div> \t<div class=\"vc_empty_space\"  style=\"height: 20px\" ><span\n\t\t\tclass=\"vc_empty_space_inner\">\n\t\t\t<span class=\"empty_space_image\"  ><\/span>\n\t\t<\/span><\/div>\n\n\n<div class=\"wpcf7 no-js\" id=\"wpcf7-f663-o1\" lang=\"en-US\" dir=\"ltr\">\n<div class=\"screen-reader-response\"><p role=\"status\" aria-live=\"polite\" aria-atomic=\"true\"><\/p> <ul><\/ul><\/div>\n<form action=\"\/sq\/wp-json\/wp\/v2\/pages\/120#wpcf7-f663-o1\" method=\"post\" class=\"wpcf7-form init cf7_custom_style_1\" aria-label=\"Contact form\" enctype=\"multipart\/form-data\" novalidate=\"novalidate\" data-status=\"init\" data-trp-original-action=\"\/sq\/wp-json\/wp\/v2\/pages\/120#wpcf7-f663-o1\">\n<div style=\"display: none;\">\n<input type=\"hidden\" name=\"_wpcf7\" value=\"663\" \/>\n<input type=\"hidden\" name=\"_wpcf7_version\" value=\"5.8.6\" \/>\n<input type=\"hidden\" name=\"_wpcf7_locale\" value=\"en_US\" \/>\n<input type=\"hidden\" name=\"_wpcf7_unit_tag\" value=\"wpcf7-f663-o1\" \/>\n<input type=\"hidden\" name=\"_wpcf7_container_post\" value=\"0\" \/>\n<input type=\"hidden\" name=\"_wpcf7_posted_data_hash\" value=\"\" \/>\n<\/div>\n<label> *Emri Juaj\n    <span class=\"wpcf7-form-control-wrap\" data-name=\"your-name\"><input size=\"40\" class=\"wpcf7-form-control wpcf7-text wpcf7-validates-as-required\" aria-required=\"true\" aria-invalid=\"false\" value=\"\" type=\"text\" name=\"your-name\" \/><\/span> <\/label>\n\n<label> *Mbiemri Juaj\n    <span class=\"wpcf7-form-control-wrap\" data-name=\"your-surname\"><input size=\"40\" class=\"wpcf7-form-control wpcf7-text wpcf7-validates-as-required\" aria-required=\"true\" aria-invalid=\"false\" value=\"\" type=\"text\" name=\"your-surname\" \/><\/span> <\/label>\n\n<label> *Email Juaj\n    <span class=\"wpcf7-form-control-wrap\" data-name=\"your-email\"><input size=\"40\" class=\"wpcf7-form-control wpcf7-email wpcf7-validates-as-required wpcf7-text wpcf7-validates-as-email\" aria-required=\"true\" aria-invalid=\"false\" value=\"\" type=\"email\" name=\"your-email\" \/><\/span> <\/label>\n\n<label> Subjekti\n    <span class=\"wpcf7-form-control-wrap\" data-name=\"your-subject\"><input size=\"40\" class=\"wpcf7-form-control wpcf7-text\" aria-invalid=\"false\" value=\"\" type=\"text\" name=\"your-subject\" \/><\/span> <\/label>\n\n<label> Mesazhi Juaj\n    <span class=\"wpcf7-form-control-wrap\" data-name=\"your-message\"><textarea cols=\"40\" rows=\"10\" class=\"wpcf7-form-control wpcf7-textarea\" aria-invalid=\"false\" name=\"your-message\"><\/textarea><\/span> <\/label>\n\n<label>Ju lutem ngarkoni CV-ne tuaj (PDF ose DOC)\n<span class=\"wpcf7-form-control-wrap\" data-name=\"file-605\"><input size=\"40\" class=\"wpcf7-form-control wpcf7-file\" accept=\".pdf,.doc,.docx\" aria-invalid=\"false\" type=\"file\" name=\"file-605\" \/><\/span><\/label>\n\n<input class=\"wpcf7-form-control wpcf7-submit has-spinner\" type=\"submit\" value=\"D\u00ebrgo\" \/><div class=\"wpcf7-response-output\" aria-hidden=\"true\"><\/div>\n<input type=\"hidden\" name=\"trp-form-language\" value=\"sq\"\/><\/form>\n<\/div>\n\t<div class=\"vc_empty_space\"  style=\"height: 32px\" ><span\n\t\t\tclass=\"vc_empty_space_inner\">\n\t\t\t<span class=\"empty_space_image\"  ><\/span>\n\t\t<\/span><\/div>\n\n<\/div><\/div><\/div><\/div><\/div><\/div><div      class=\"vc_row wpb_row section vc_row-fluid  vc_custom_1508491253040 grid_section\" style=' text-align:left;'><div class=\"section_inner clearfix\"><div class='section_inner_margin clearfix'><div class=\"wpb_column vc_column_container vc_col-sm-12\"><div class=\"vc_column-inner\"><div class=\"wpb_wrapper\"><div class='qode_carousels_holder clearfix'><div class='qode_carousels' data-number-of-visible-items=''><ul class='slides'><li class='item'><div class=\"carousel_item_holder\"><a itemprop='url' href='http:\/\/www.tuborg.com\/picks\/' target='_self'><span class='first_image_holder'><img decoding=\"async\" itemprop=\"image\" src=\"https:\/\/add.al\/wp-content\/uploads\/2017\/10\/client-b-8.png\" alt=\"carousel image\" \/><\/span><\/a><\/div><\/li><li class='item'><div class=\"carousel_item_holder\"><a itemprop='url' href='http:\/\/www.dictador.com' target='_self'><span class='first_image_holder'><img decoding=\"async\" itemprop=\"image\" src=\"https:\/\/add.al\/wp-content\/uploads\/2025\/11\/client-b-Dictador_214x80px.png\" alt=\"carousel image\" \/><\/span><\/a><\/div><\/li><li class='item'><div class=\"carousel_item_holder\"><a itemprop='url' href='https:\/\/www.redbull.com\/al-sq\/' target='_self'><span class='first_image_holder'><img decoding=\"async\" itemprop=\"image\" src=\"https:\/\/add.al\/wp-content\/uploads\/2017\/10\/client-b-1.png\" alt=\"carousel image\" \/><\/span><\/a><\/div><\/li><li class='item'><div class=\"carousel_item_holder\"><a itemprop='url' href='https:\/\/www.giffard.com' target='_self'><span class='first_image_holder'><img decoding=\"async\" itemprop=\"image\" src=\"https:\/\/add.al\/wp-content\/uploads\/2020\/10\/client-b-Giffard.png\" alt=\"carousel image\" \/><\/span><\/a><\/div><\/li><li class='item'><div class=\"carousel_item_holder\"><a itemprop='url' href='http:\/\/www.russianstandardvodka.com\/' target='_self'><span class='first_image_holder'><img decoding=\"async\" itemprop=\"image\" src=\"https:\/\/add.al\/wp-content\/uploads\/2025\/11\/client-b-RS_214x80px.png\" alt=\"carousel image\" \/><\/span><\/a><\/div><\/li><li class='item'><div class=\"carousel_item_holder\"><a itemprop='url' href='http:\/\/www.fentimans.com' target='_self'><span class='first_image_holder'><img decoding=\"async\" itemprop=\"image\" src=\"https:\/\/add.al\/wp-content\/uploads\/2025\/11\/client-b-Fentimans_214x80px.png\" alt=\"carousel image\" \/><\/span><\/a><\/div><\/li><li class='item'><div class=\"carousel_item_holder\"><a itemprop='url' href='https:\/\/www.sanpellegrino.com\/intl\/en\/' target='_self'><span class='first_image_holder'><img decoding=\"async\" itemprop=\"image\" src=\"https:\/\/add.al\/wp-content\/uploads\/2025\/11\/client-b-AP-SP-214x80px.png\" alt=\"carousel image\" \/><\/span><\/a><\/div><\/li><li class='item'><div class=\"carousel_item_holder\"><a itemprop='url' href='https:\/\/www.rauch.cc\/products\/bravo\/' target='_self'><span class='first_image_holder'><img decoding=\"async\" itemprop=\"image\" src=\"https:\/\/add.al\/wp-content\/uploads\/2017\/10\/client-b-3.png\" alt=\"carousel image\" \/><\/span><\/a><\/div><\/li><li class='item'><div class=\"carousel_item_holder\"><a itemprop='url' href='http:\/\/amacaffe.com\/' target='_self'><span class='first_image_holder'><img decoding=\"async\" itemprop=\"image\" src=\"https:\/\/add.al\/wp-content\/uploads\/2017\/10\/client-b-9.png\" alt=\"carousel image\" \/><\/span><\/a><\/div><\/li><li class='item'><div class=\"carousel_item_holder\"><a itemprop='url' href='http:\/\/www.vileda.com\/' target='_self'><span class='first_image_holder'><img decoding=\"async\" itemprop=\"image\" src=\"https:\/\/add.al\/wp-content\/uploads\/2017\/10\/client-b-10.png\" alt=\"carousel image\" \/><\/span><\/a><\/div><\/li><li class='item'><div class=\"carousel_item_holder\"><a itemprop='url' href='https:\/\/www.findus.com\/' target='_self'><span class='first_image_holder'><img decoding=\"async\" itemprop=\"image\" src=\"https:\/\/add.al\/wp-content\/uploads\/2019\/03\/client-b-11.png\" alt=\"carousel image\" \/><\/span><\/a><\/div><\/li><li class='item'><div class=\"carousel_item_holder\"><a itemprop='url' href='https:\/\/www.radatz.at\/en\/' target='_self'><span class='first_image_holder'><img decoding=\"async\" itemprop=\"image\" src=\"https:\/\/add.al\/wp-content\/uploads\/2019\/03\/client-b-12.png\" alt=\"carousel image\" \/><\/span><\/a><\/div><\/li><li class='item'><div class=\"carousel_item_holder\"><a itemprop='url' href='http:\/\/vodka-beluga.com\/en' target='_self'><span class='first_image_holder'><img decoding=\"async\" itemprop=\"image\" src=\"https:\/\/add.al\/wp-content\/uploads\/2025\/11\/client-b-Beluga_214x80px.png\" alt=\"carousel image\" \/><\/span><\/a><\/div><\/li><li class='item'><div class=\"carousel_item_holder\"><span class='first_image_holder'><img decoding=\"async\" itemprop=\"image\" src=\"https:\/\/add.al\/wp-content\/uploads\/2025\/11\/client-b-B-Water_214x80px.png\" alt=\"carousel image\" \/><\/span><\/div><\/li><li class='item'><div class=\"carousel_item_holder\"><span class='first_image_holder'><img decoding=\"async\" itemprop=\"image\" src=\"https:\/\/add.al\/wp-content\/uploads\/2020\/10\/client-b-Soavegel.png\" alt=\"carousel image\" \/><\/span><\/div><\/li><li class='item'><div class=\"carousel_item_holder\"><a itemprop='url' href='http:\/\/www.ravellitalia.com\/' target='_self'><span class='first_image_holder'><img decoding=\"async\" itemprop=\"image\" src=\"https:\/\/add.al\/wp-content\/uploads\/2021\/01\/client-b-15.png\" alt=\"carousel image\" \/><\/span><\/a><\/div><\/li><li class='item'><div class=\"carousel_item_holder\"><a itemprop='url' href='https:\/\/www.teslabatteries.com\/' target='_self'><span class='first_image_holder'><img decoding=\"async\" itemprop=\"image\" src=\"https:\/\/add.al\/wp-content\/uploads\/2021\/07\/Client-b-19-Tesla.png\" alt=\"carousel image\" \/><\/span><\/a><\/div><\/li><li class='item'><div class=\"carousel_item_holder\"><a itemprop='url' href='https:\/\/www.essity.com\/' target='_self'><span class='first_image_holder'><img decoding=\"async\" itemprop=\"image\" src=\"https:\/\/add.al\/wp-content\/uploads\/2022\/08\/Client-b-20-essity-min.png\" alt=\"carousel image\" \/><\/span><\/a><\/div><\/li><\/ul><\/div><\/div><\/div><\/div><\/div><\/div><\/div><\/div>\n<\/div>","protected":false},"excerpt":{"rendered":"","protected":false},"author":1,"featured_media":0,"parent":0,"menu_order":0,"comment_status":"closed","ping_status":"closed","template":"full_width.php","meta":{"content-type":"","footnotes":""},"_links":{"self":[{"href":"https:\/\/add.al\/sq\/wp-json\/wp\/v2\/pages\/120"}],"collection":[{"href":"https:\/\/add.al\/sq\/wp-json\/wp\/v2\/pages"}],"about":[{"href":"https:\/\/add.al\/sq\/wp-json\/wp\/v2\/types\/page"}],"author":[{"embeddable":true,"href":"https:\/\/add.al\/sq\/wp-json\/wp\/v2\/users\/1"}],"replies":[{"embeddable":true,"href":"https:\/\/add.al\/sq\/wp-json\/wp\/v2\/comments?post=120"}],"version-history":[{"count":76,"href":"https:\/\/add.al\/sq\/wp-json\/wp\/v2\/pages\/120\/revisions"}],"predecessor-version":[{"id":1401,"href":"https:\/\/add.al\/sq\/wp-json\/wp\/v2\/pages\/120\/revisions\/1401"}],"wp:attachment":[{"href":"https:\/\/add.al\/sq\/wp-json\/wp\/v2\/media?parent=120"}],"curies":[{"name":"wp","href":"https:\/\/api.w.org\/{rel}","templated":true}]}}