{"id":108,"date":"2016-02-22T13:53:46","date_gmt":"2016-02-22T12:53:46","guid":{"rendered":"http:\/\/bridge9.qodeinteractive.com\/?page_id=108"},"modified":"2025-11-18T11:40:23","modified_gmt":"2025-11-18T10:40:23","slug":"what-we-do","status":"publish","type":"page","link":"https:\/\/add.al\/sq\/what-we-do\/","title":{"rendered":"\u00c7far\u00eb b\u00ebjm\u00eb ne"},"content":{"rendered":"<div class=\"wpb-content-wrapper\"><div      class=\"vc_row wpb_row section vc_row-fluid  vc_custom_1456150794252 grid_section\" style=' text-align:left;'><div class=\"section_inner clearfix\"><div class='section_inner_margin clearfix'><div class=\"wpb_column vc_column_container vc_col-sm-12 vc_col-lg-4 vc_col-md-4\"><div class=\"vc_column-inner\"><div class=\"wpb_wrapper\">\n\t<div class=\"wpb_single_image wpb_content_element vc_align_left\">\n\t\t<div class=\"wpb_wrapper\">\n\t\t\t\n\t\t\t<div class=\"vc_single_image-wrapper   vc_box_border_grey\"><img fetchpriority=\"high\" decoding=\"async\" width=\"2000\" height=\"844\" src=\"https:\/\/add.al\/wp-content\/uploads\/2025\/09\/Banner_Slide-1920-x-810px_ADD_ONB-BG_1.jpg\" class=\"vc_single_image-img attachment-full\" alt=\"\" title=\"Produkte_Slide 1920x810 pixel_Hyrje_ADD_17_AP_SP\" srcset=\"https:\/\/add.al\/wp-content\/uploads\/2025\/09\/Banner_Slide-1920-x-810px_ADD_ONB-BG_1.jpg 2000w, https:\/\/add.al\/wp-content\/uploads\/2025\/09\/Banner_Slide-1920-x-810px_ADD_ONB-BG_1-300x127.jpg 300w, https:\/\/add.al\/wp-content\/uploads\/2025\/09\/Banner_Slide-1920-x-810px_ADD_ONB-BG_1-1024x432.jpg 1024w, https:\/\/add.al\/wp-content\/uploads\/2025\/09\/Banner_Slide-1920-x-810px_ADD_ONB-BG_1-768x324.jpg 768w, https:\/\/add.al\/wp-content\/uploads\/2025\/09\/Banner_Slide-1920-x-810px_ADD_ONB-BG_1-1536x648.jpg 1536w, https:\/\/add.al\/wp-content\/uploads\/2025\/09\/Banner_Slide-1920-x-810px_ADD_ONB-BG_1-18x8.jpg 18w, https:\/\/add.al\/wp-content\/uploads\/2025\/09\/Banner_Slide-1920-x-810px_ADD_ONB-BG_1-700x295.jpg 700w\" sizes=\"(max-width: 2000px) 100vw, 2000px\" \/><\/div>\n\t\t<\/div>\n\t<\/div>\n<div class=\"separator  transparent\" style=\"margin-top: 36px;margin-bottom: 0px;height: 0px;\"><\/div>\n\n\t<div class=\"wpb_text_column wpb_content_element\">\n\t\t<div class=\"wpb_wrapper\">\n\t\t\t<h4>Kush jemi ne<\/h4>\n\n\t\t<\/div> \n\t<\/div> <div class=\"separator  transparent\" style=\"margin-top: 23px;margin-bottom: 0px;height: 0px;\"><\/div>\n\n\t<div class=\"wpb_text_column wpb_content_element\">\n\t\t<div class=\"wpb_wrapper\">\n\t\t\t<p>Albanian Distribution &amp; Development (ADD) \u00ebsht\u00eb nj\u00eb nga kompanit\u00eb m\u00eb t\u00eb m\u00ebdha t\u00eb shp\u00ebrndarjes n\u00eb Shqip\u00ebri me nj\u00eb eksperienc\u00eb shum\u00ebvje\u00e7are n\u00eb fush\u00ebn e importimit dhe shp\u00ebrndarjes s\u00eb nj\u00eb game t\u00eb gjer\u00eb produktesh n\u00eb treg.<\/p>\n<p>Historia jon\u00eb e biznesit ka filluar n\u00eb vitin 1998, me iniciativ\u00ebn dhe besimin e plot\u00eb n\u00eb suksesin e presidentit t\u00eb saj, z. Agim Zeqo, p\u00ebr t\u00eb qen\u00eb lider n\u00eb treg bazuar n\u00eb cil\u00ebsin\u00eb e markave q\u00eb ruajn\u00eb produktet tona.<\/p>\n<p>Ne jemi referenca e kompanive m\u00eb t\u00eb m\u00ebdha n\u00eb tregun shqiptar p\u00ebr produktet e ofruara prej tyre.<\/p>\n\n\t\t<\/div> \n\t<\/div> <div class=\"separator  transparent\" style=\"margin-top: 53px;margin-bottom: 0px;height: 0px;\"><\/div>\n<\/div><\/div><\/div><div class=\"wpb_column vc_column_container vc_col-sm-12 vc_col-lg-4 vc_col-md-4\"><div class=\"vc_column-inner\"><div class=\"wpb_wrapper\">\n\t<div class=\"wpb_single_image wpb_content_element vc_align_left\">\n\t\t<div class=\"wpb_wrapper\">\n\t\t\t\n\t\t\t<div class=\"vc_single_image-wrapper   vc_box_border_grey\"><img decoding=\"async\" width=\"2000\" height=\"844\" src=\"https:\/\/add.al\/wp-content\/uploads\/2016\/02\/Banner_Slide-1920x810-pixel_Hyrje_ADD_17_AP_SP_3-min.jpg\" class=\"vc_single_image-img attachment-full\" alt=\"\" title=\"Banner_Slide 1920x810 pixel_Hyrje_ADD_17_AP_SP_3-min\" srcset=\"https:\/\/add.al\/wp-content\/uploads\/2016\/02\/Banner_Slide-1920x810-pixel_Hyrje_ADD_17_AP_SP_3-min.jpg 2000w, https:\/\/add.al\/wp-content\/uploads\/2016\/02\/Banner_Slide-1920x810-pixel_Hyrje_ADD_17_AP_SP_3-min-300x127.jpg 300w, https:\/\/add.al\/wp-content\/uploads\/2016\/02\/Banner_Slide-1920x810-pixel_Hyrje_ADD_17_AP_SP_3-min-768x324.jpg 768w, https:\/\/add.al\/wp-content\/uploads\/2016\/02\/Banner_Slide-1920x810-pixel_Hyrje_ADD_17_AP_SP_3-min-1024x432.jpg 1024w, https:\/\/add.al\/wp-content\/uploads\/2016\/02\/Banner_Slide-1920x810-pixel_Hyrje_ADD_17_AP_SP_3-min-700x295.jpg 700w\" sizes=\"(max-width: 2000px) 100vw, 2000px\" \/><\/div>\n\t\t<\/div>\n\t<\/div>\n<div class=\"separator  transparent\" style=\"margin-top: 36px;margin-bottom: 0px;height: 0px;\"><\/div>\n\n\t<div class=\"wpb_text_column wpb_content_element\">\n\t\t<div class=\"wpb_wrapper\">\n\t\t\t<h4>Arritja e synimeve tona<\/h4>\n\n\t\t<\/div> \n\t<\/div> <div class=\"separator  transparent\" style=\"margin-top: 23px;margin-bottom: 0px;height: 0px;\"><\/div>\n\n\t<div class=\"wpb_text_column wpb_content_element\">\n\t\t<div class=\"wpb_wrapper\">\n\t\t\t<p>Strategjit\u00eb tona bazohen n\u00eb marketingun global t\u00eb mark\u00ebs dhe orientimin e kompanive m\u00ebm\u00eb, duke siguruar ruajtjen e imazhit t\u00eb \u00e7do produkti dhe prezantimin e tregut sipas strategjive t\u00eb marketingut nd\u00ebrkomb\u00ebtar.<\/p>\n<p>&nbsp;<\/p>\n<p>Contemporary spirit and innovation in the market are our investment and mission for the future.<\/p>\n<p>The key to our success is to identify and fulfill every customer&#8217;s need, with premium products and with maximum professionalism.<\/p>\n\n\t\t<\/div> \n\t<\/div> <div class=\"separator  transparent\" style=\"margin-top: 53px;margin-bottom: 0px;height: 0px;\"><\/div>\n<\/div><\/div><\/div><div class=\"wpb_column vc_column_container vc_col-sm-12 vc_col-lg-4 vc_col-md-4\"><div class=\"vc_column-inner\"><div class=\"wpb_wrapper\">\n\t<div class=\"wpb_single_image wpb_content_element vc_align_left\">\n\t\t<div class=\"wpb_wrapper\">\n\t\t\t\n\t\t\t<div class=\"vc_single_image-wrapper   vc_box_border_grey\"><img decoding=\"async\" width=\"2000\" height=\"844\" src=\"https:\/\/add.al\/wp-content\/uploads\/2025\/11\/Banner_Slide-1920-x-810px_ADD_ONB-SP_1.jpg\" class=\"vc_single_image-img attachment-full\" alt=\"\" title=\"Produkte_Slide 1920x810 pixel_Hyrje_ADD_17_AP_SP\" srcset=\"https:\/\/add.al\/wp-content\/uploads\/2025\/11\/Banner_Slide-1920-x-810px_ADD_ONB-SP_1.jpg 2000w, https:\/\/add.al\/wp-content\/uploads\/2025\/11\/Banner_Slide-1920-x-810px_ADD_ONB-SP_1-300x127.jpg 300w, https:\/\/add.al\/wp-content\/uploads\/2025\/11\/Banner_Slide-1920-x-810px_ADD_ONB-SP_1-1024x432.jpg 1024w, https:\/\/add.al\/wp-content\/uploads\/2025\/11\/Banner_Slide-1920-x-810px_ADD_ONB-SP_1-768x324.jpg 768w, https:\/\/add.al\/wp-content\/uploads\/2025\/11\/Banner_Slide-1920-x-810px_ADD_ONB-SP_1-1536x648.jpg 1536w, https:\/\/add.al\/wp-content\/uploads\/2025\/11\/Banner_Slide-1920-x-810px_ADD_ONB-SP_1-18x8.jpg 18w, https:\/\/add.al\/wp-content\/uploads\/2025\/11\/Banner_Slide-1920-x-810px_ADD_ONB-SP_1-700x295.jpg 700w\" sizes=\"(max-width: 2000px) 100vw, 2000px\" \/><\/div>\n\t\t<\/div>\n\t<\/div>\n<div class=\"separator  transparent\" style=\"margin-top: 36px;margin-bottom: 0px;height: 0px;\"><\/div>\n\n\t<div class=\"wpb_text_column wpb_content_element\">\n\t\t<div class=\"wpb_wrapper\">\n\t\t\t<h4>Portofoli yn\u00eb i produkteve<\/h4>\n\n\t\t<\/div> \n\t<\/div> <div class=\"separator  transparent\" style=\"margin-top: 23px;margin-bottom: 0px;height: 0px;\"><\/div>\n\n\t<div class=\"wpb_text_column wpb_content_element\">\n\t\t<div class=\"wpb_wrapper\">\n\t\t\t<p>Gjat\u00eb viteve t\u00eb fundit, portofoli yn\u00eb i produkteve \u00ebsht\u00eb zgjeruar gjithnj\u00eb e m\u00eb shum\u00eb, duke kapur shifr\u00ebn e rreth 380 produkteve t\u00eb markave m\u00eb prestigjioze n\u00eb bot\u00eb.<\/p>\n<p>Portofoli yn\u00eb i produkteve \u00ebsht\u00eb i strukturuar n\u00eb dy ndarje kryesore:<\/p>\n<p>I       Pijet<\/p>\n<ul>\n<li>Pije energjitike<\/li>\n<li>L\u00ebngje frutash<\/li>\n<li>Birra<\/li>\n<li>Pije Alkoolike dhe Ver\u00ebra<\/li>\n<\/ul>\n<p>II     Produktet e pastrimit<\/p>\n<ul>\n<li>Produkte pastrimi<\/li>\n<li>Produkte p\u00ebr p\u00ebrdorim personal<\/li>\n<\/ul>\n\n\t\t<\/div> \n\t<\/div> <div class=\"separator  transparent\" style=\"margin-top: 53px;margin-bottom: 0px;height: 0px;\"><\/div>\n<\/div><\/div><\/div><\/div><\/div><\/div><div      class=\"vc_row wpb_row section vc_row-fluid  vc_custom_1508491147329 grid_section\" style=' text-align:left;'><div class=\"section_inner clearfix\"><div class='section_inner_margin clearfix'><div class=\"wpb_column vc_column_container vc_col-sm-12\"><div class=\"vc_column-inner\"><div class=\"wpb_wrapper\"><div class='qode_carousels_holder clearfix'><div class='qode_carousels' data-number-of-visible-items=''><ul class='slides'><li class='item'><div class=\"carousel_item_holder\"><a itemprop='url' href='http:\/\/www.tuborg.com\/picks\/' target='_self'><span class='first_image_holder'><img decoding=\"async\" itemprop=\"image\" src=\"https:\/\/add.al\/wp-content\/uploads\/2017\/10\/client-b-8.png\" alt=\"carousel image\" \/><\/span><\/a><\/div><\/li><li class='item'><div class=\"carousel_item_holder\"><a itemprop='url' href='http:\/\/www.dictador.com' target='_self'><span class='first_image_holder'><img decoding=\"async\" itemprop=\"image\" src=\"https:\/\/add.al\/wp-content\/uploads\/2025\/11\/client-b-Dictador_214x80px.png\" alt=\"carousel image\" \/><\/span><\/a><\/div><\/li><li class='item'><div class=\"carousel_item_holder\"><a itemprop='url' href='https:\/\/www.redbull.com\/al-sq\/' target='_self'><span class='first_image_holder'><img decoding=\"async\" itemprop=\"image\" src=\"https:\/\/add.al\/wp-content\/uploads\/2017\/10\/client-b-1.png\" alt=\"carousel image\" \/><\/span><\/a><\/div><\/li><li class='item'><div class=\"carousel_item_holder\"><a itemprop='url' href='https:\/\/www.giffard.com' target='_self'><span class='first_image_holder'><img decoding=\"async\" itemprop=\"image\" src=\"https:\/\/add.al\/wp-content\/uploads\/2020\/10\/client-b-Giffard.png\" alt=\"carousel image\" \/><\/span><\/a><\/div><\/li><li class='item'><div class=\"carousel_item_holder\"><a itemprop='url' href='http:\/\/www.russianstandardvodka.com\/' target='_self'><span class='first_image_holder'><img decoding=\"async\" itemprop=\"image\" src=\"https:\/\/add.al\/wp-content\/uploads\/2025\/11\/client-b-RS_214x80px.png\" alt=\"carousel image\" \/><\/span><\/a><\/div><\/li><li class='item'><div class=\"carousel_item_holder\"><a itemprop='url' href='http:\/\/www.fentimans.com' target='_self'><span class='first_image_holder'><img decoding=\"async\" itemprop=\"image\" src=\"https:\/\/add.al\/wp-content\/uploads\/2025\/11\/client-b-Fentimans_214x80px.png\" alt=\"carousel image\" \/><\/span><\/a><\/div><\/li><li class='item'><div class=\"carousel_item_holder\"><a itemprop='url' href='https:\/\/www.sanpellegrino.com\/intl\/en\/' target='_self'><span class='first_image_holder'><img decoding=\"async\" itemprop=\"image\" src=\"https:\/\/add.al\/wp-content\/uploads\/2025\/11\/client-b-AP-SP-214x80px.png\" alt=\"carousel image\" \/><\/span><\/a><\/div><\/li><li class='item'><div class=\"carousel_item_holder\"><a itemprop='url' href='https:\/\/www.rauch.cc\/products\/bravo\/' target='_self'><span class='first_image_holder'><img decoding=\"async\" itemprop=\"image\" src=\"https:\/\/add.al\/wp-content\/uploads\/2017\/10\/client-b-3.png\" alt=\"carousel image\" \/><\/span><\/a><\/div><\/li><li class='item'><div class=\"carousel_item_holder\"><a itemprop='url' href='http:\/\/amacaffe.com\/' target='_self'><span class='first_image_holder'><img decoding=\"async\" itemprop=\"image\" src=\"https:\/\/add.al\/wp-content\/uploads\/2017\/10\/client-b-9.png\" alt=\"carousel image\" \/><\/span><\/a><\/div><\/li><li class='item'><div class=\"carousel_item_holder\"><a itemprop='url' href='http:\/\/www.vileda.com\/' target='_self'><span class='first_image_holder'><img decoding=\"async\" itemprop=\"image\" src=\"https:\/\/add.al\/wp-content\/uploads\/2017\/10\/client-b-10.png\" alt=\"carousel image\" \/><\/span><\/a><\/div><\/li><li class='item'><div class=\"carousel_item_holder\"><a itemprop='url' href='https:\/\/www.findus.com\/' target='_self'><span class='first_image_holder'><img decoding=\"async\" itemprop=\"image\" src=\"https:\/\/add.al\/wp-content\/uploads\/2019\/03\/client-b-11.png\" alt=\"carousel image\" \/><\/span><\/a><\/div><\/li><li class='item'><div class=\"carousel_item_holder\"><a itemprop='url' href='https:\/\/www.radatz.at\/en\/' target='_self'><span class='first_image_holder'><img decoding=\"async\" itemprop=\"image\" src=\"https:\/\/add.al\/wp-content\/uploads\/2019\/03\/client-b-12.png\" alt=\"carousel image\" \/><\/span><\/a><\/div><\/li><li class='item'><div class=\"carousel_item_holder\"><a itemprop='url' href='http:\/\/vodka-beluga.com\/en' target='_self'><span class='first_image_holder'><img decoding=\"async\" itemprop=\"image\" src=\"https:\/\/add.al\/wp-content\/uploads\/2025\/11\/client-b-Beluga_214x80px.png\" alt=\"carousel image\" \/><\/span><\/a><\/div><\/li><li class='item'><div class=\"carousel_item_holder\"><span class='first_image_holder'><img decoding=\"async\" itemprop=\"image\" src=\"https:\/\/add.al\/wp-content\/uploads\/2025\/11\/client-b-B-Water_214x80px.png\" alt=\"carousel image\" \/><\/span><\/div><\/li><li class='item'><div class=\"carousel_item_holder\"><span class='first_image_holder'><img decoding=\"async\" itemprop=\"image\" src=\"https:\/\/add.al\/wp-content\/uploads\/2020\/10\/client-b-Soavegel.png\" alt=\"carousel image\" \/><\/span><\/div><\/li><li class='item'><div class=\"carousel_item_holder\"><a itemprop='url' href='http:\/\/www.ravellitalia.com\/' target='_self'><span class='first_image_holder'><img decoding=\"async\" itemprop=\"image\" src=\"https:\/\/add.al\/wp-content\/uploads\/2021\/01\/client-b-15.png\" alt=\"carousel image\" \/><\/span><\/a><\/div><\/li><li class='item'><div class=\"carousel_item_holder\"><a itemprop='url' href='https:\/\/www.teslabatteries.com\/' target='_self'><span class='first_image_holder'><img decoding=\"async\" itemprop=\"image\" src=\"https:\/\/add.al\/wp-content\/uploads\/2021\/07\/Client-b-19-Tesla.png\" alt=\"carousel image\" \/><\/span><\/a><\/div><\/li><li class='item'><div class=\"carousel_item_holder\"><a itemprop='url' href='https:\/\/www.essity.com\/' target='_self'><span class='first_image_holder'><img decoding=\"async\" itemprop=\"image\" src=\"https:\/\/add.al\/wp-content\/uploads\/2022\/08\/Client-b-20-essity-min.png\" alt=\"carousel image\" \/><\/span><\/a><\/div><\/li><\/ul><\/div><\/div><\/div><\/div><\/div><\/div><\/div><\/div>\n<\/div>","protected":false},"excerpt":{"rendered":"","protected":false},"author":1,"featured_media":0,"parent":0,"menu_order":0,"comment_status":"closed","ping_status":"closed","template":"full_width.php","meta":{"content-type":"","footnotes":""},"_links":{"self":[{"href":"https:\/\/add.al\/sq\/wp-json\/wp\/v2\/pages\/108"}],"collection":[{"href":"https:\/\/add.al\/sq\/wp-json\/wp\/v2\/pages"}],"about":[{"href":"https:\/\/add.al\/sq\/wp-json\/wp\/v2\/types\/page"}],"author":[{"embeddable":true,"href":"https:\/\/add.al\/sq\/wp-json\/wp\/v2\/users\/1"}],"replies":[{"embeddable":true,"href":"https:\/\/add.al\/sq\/wp-json\/wp\/v2\/comments?post=108"}],"version-history":[{"count":27,"href":"https:\/\/add.al\/sq\/wp-json\/wp\/v2\/pages\/108\/revisions"}],"predecessor-version":[{"id":1539,"href":"https:\/\/add.al\/sq\/wp-json\/wp\/v2\/pages\/108\/revisions\/1539"}],"wp:attachment":[{"href":"https:\/\/add.al\/sq\/wp-json\/wp\/v2\/media?parent=108"}],"curies":[{"name":"wp","href":"https:\/\/api.w.org\/{rel}","templated":true}]}}